{"id":3137,"date":"2022-12-28T21:04:35","date_gmt":"2022-12-28T21:04:35","guid":{"rendered":"http:\/\/cormedprzemkow.pl\/?page_id=3137"},"modified":"2022-12-29T19:11:21","modified_gmt":"2022-12-29T19:11:21","slug":"poradnia-dziecieca","status":"publish","type":"page","link":"https:\/\/cormedprzemkow.pl\/?page_id=3137","title":{"rendered":"Poradnia dzieci\u0119ca"},"content":{"rendered":"\t\t<div data-elementor-type=\"wp-page\" data-elementor-id=\"3137\" class=\"elementor elementor-3137\" data-elementor-settings=\"{&quot;ha_cmc_init_switcher&quot;:&quot;no&quot;}\">\n\t\t\t\t\t\t<section class=\"elementor-section elementor-top-section elementor-element elementor-element-6b72766 elementor-section-boxed elementor-section-height-default elementor-section-height-default wpr-particle-no wpr-jarallax-no wpr-parallax-no wpr-sticky-section-no\" data-id=\"6b72766\" data-element_type=\"section\" data-settings=\"{&quot;_ha_eqh_enable&quot;:false}\">\n\t\t\t\t\t\t<div class=\"elementor-container elementor-column-gap-default\">\n\t\t\t\t\t<div class=\"elementor-column elementor-col-100 elementor-top-column elementor-element elementor-element-a9259d9\" data-id=\"a9259d9\" data-element_type=\"column\">\n\t\t\t<div class=\"elementor-widget-wrap elementor-element-populated\">\n\t\t\t\t\t\t<div class=\"elementor-element elementor-element-39b186f wpr-team-member-divider-center elementor-widget elementor-widget-wpr-team-member\" data-id=\"39b186f\" data-element_type=\"widget\" data-widget_type=\"wpr-team-member.default\">\n\t\t\t\t<div class=\"elementor-widget-container\">\n\t\t\t\t\t\n\t<div class=\"wpr-team-member\">\n\t\t\t\t\t\n\t\t\t<div class=\"wpr-member-media\">\n\t\t\t\t<div class=\"wpr-member-image\">\n\t\t\t\t\t<img decoding=\"async\" src=\"https:\/\/cormedprzemkow.pl\/wp-content\/uploads\/2022\/12\/dr-Zdzislaw-Kwiatkowski-scaled.jpg\" alt=\"lek. med. spec. Zdzis\u0142aw Kwiatkowski\">\n\t\t\t\t<\/div>\n\t\t\t\t\t\t\t<\/div>\n\t\t\t\t\n\t\t\n\t\t<div class=\"wpr-member-content\">\n\t\t\t<h3 class=\"wpr-member-name\">lek. med. spec. Zdzis\u0142aw Kwiatkowski<\/h3>\n\t\t\t\n\t\t\t\t\t\t\t<div class=\"wpr-member-job\">COR-MED M&amp;S Diallo Sp\u00f3\u0142ka Jawna<\/div>\n\t\t\t\n\t\t\t\t\t\t\t<div class=\"wpr-member-divider\"><\/div>\n\t\t\t\n\t\t\t\t\t\t\n\t\t\t\t\t<\/div>\n\n\t\t\t<\/div>\n\n\t\t\t\t\t<\/div>\n\t\t\t\t<\/div>\n\t\t\t\t<div class=\"elementor-element elementor-element-379cc12 elementor-widget elementor-widget-text-editor\" data-id=\"379cc12\" data-element_type=\"widget\" data-widget_type=\"text-editor.default\">\n\t\t\t\t<div class=\"elementor-widget-container\">\n\t\t\t\t\t\t\t\t\t<p>Lekarz pediatra spec. Zdzis\u0142aw Kwiatkowski udziela \u015bwiadcze\u0144 w dni powszednie od poniedzia\u0142ku do pi\u0105tku, z wy\u0142\u0105czeniem dni ustawowo wolnych od pracy, zgodnie z przyj\u0119tym harmonogramem pracy. \u015awiadczenia udzielane s\u0105 osobom uprawnionym do\u00a0\u015bwiadcze\u0144 zamieszka\u0142ym\/przebywaj\u0105cym na\u00a0terytorium Polski, kt\u00f3re z\u0142o\u017cy\u0142y deklaracj\u0119 wyboru Lekarza w naszej plac\u00f3wce.<\/p><p><strong>Wyboru dokonujesz poprzez:<\/strong><\/p><ul><li>z\u0142o\u017cenie pisemnej deklaracji w przychodni.<\/li><li>z\u0142o\u017cenie deklaracji przez Internet w\u00a0<a href=\"https:\/\/pacjent.gov.pl\/internetowe-konto-pacjenta\">Internetowym Koncie Pacjenta<\/a>. Po zalogowaniu si\u0119 do\u00a0serwisu mo\u017cesz sprawdzi\u0107 r\u00f3wnie\u017c, do\u00a0kt\u00f3rego lekarza, piel\u0119gniarki, po\u0142o\u017cnej oraz w\u00a0kt\u00f3rej przychodni\u00a0z\u0142o\u017cy\u0142e\u015b ju\u017c deklaracj\u0119.<\/li><\/ul><p>Szczeg\u00f3\u0142owe informacje w Punkcie Rejestracji lub pod numerami telefon\u00f3w: 76 8319 409, 505957511<\/p><p>\u015awiadczenia lekarza\u00a0POZ\u00a0obejmuj\u0105:<\/p><ul><li>udzielanie porad w\u00a0leczeniu schorze\u0144, w\u00a0tym zapewnienie diagnostyki laboratoryjnej oraz obrazowej i\u00a0nieobrazowej (EKG, RTG, USG) zgodnie z\u00a0obowi\u0105zuj\u0105cym wykazem,<\/li><li>profilaktyk\u0119 chor\u00f3b, w\u00a0tym badania i\u00a0porady w\u00a0ramach profilaktyki wieku rozwojowego oraz\u00a0<strong>szczepienia ochronne,<\/strong><\/li><li>\u015bwiadczenia profilaktyczne,<\/li><li>inne \u015bwiadczenia wynikaj\u0105ce z potrzeb populacji obj\u0119tej opiek\u0105, w tym: kierowanie do poradni specjalistycznych i na leczenie szpitalne, kierowanie na rehabilitacj\u0119 i leczenie uzdrowiskowe, kwalifikowanie do\u015bwiadcze\u0144 transportu sanitarnego w POZ i wystawianie zlece\u0144 przewoz\u00f3w, wystawianie zlece\u0144 na realizacj\u0119 \u015bwiadcze\u0144 pozostaj\u0105cych w zakresie zada\u0144 piel\u0119gniarki POZ, wystawianie za\u015bwiadcze\u0144 dotycz\u0105cych stanu zdrowia pacjenta.<\/li><\/ul><p><br \/><br \/><\/p>\t\t\t\t\t\t\t\t<\/div>\n\t\t\t\t<\/div>\n\t\t\t\t\t<\/div>\n\t\t<\/div>\n\t\t\t\t\t<\/div>\n\t\t<\/section>\n\t\t\t\t<\/div>\n\t\t","protected":false},"excerpt":{"rendered":"<p>lek. med. spec. Zdzis\u0142aw Kwiatkowski COR-MED M&amp;S Diallo Sp\u00f3\u0142ka Jawna Lekarz pediatra spec. Zdzis\u0142aw Kwiatkowski udziela \u015bwiadcze\u0144 w dni powszednie od poniedzia\u0142ku do pi\u0105tku, z wy\u0142\u0105czeniem dni ustawowo wolnych od pracy, zgodnie z przyj\u0119tym harmonogramem pracy. \u015awiadczenia udzielane s\u0105 osobom uprawnionym do\u00a0\u015bwiadcze\u0144 zamieszka\u0142ym\/przebywaj\u0105cym na\u00a0terytorium Polski, kt\u00f3re z\u0142o\u017cy\u0142y deklaracj\u0119 wyboru Lekarza w naszej plac\u00f3wce. Wyboru dokonujesz poprzez: z\u0142o\u017cenie pisemnej deklaracji w przychodni. z\u0142o\u017cenie deklaracji przez Internet w\u00a0Internetowym Koncie Pacjenta. Po zalogowaniu si\u0119 do\u00a0serwisu mo\u017cesz sprawdzi\u0107 r\u00f3wnie\u017c, do\u00a0kt\u00f3rego lekarza, piel\u0119gniarki, po\u0142o\u017cnej oraz w\u00a0kt\u00f3rej przychodni\u00a0z\u0142o\u017cy\u0142e\u015b ju\u017c deklaracj\u0119. Szczeg\u00f3\u0142owe informacje w Punkcie Rejestracji lub pod numerami telefon\u00f3w: 76 8319 409, 505957511 \u015awiadczenia lekarza\u00a0POZ\u00a0obejmuj\u0105: udzielanie porad w\u00a0leczeniu schorze\u0144, w\u00a0tym zapewnienie diagnostyki laboratoryjnej oraz obrazowej i\u00a0nieobrazowej (EKG, RTG, USG) zgodnie z\u00a0obowi\u0105zuj\u0105cym wykazem, profilaktyk\u0119 chor\u00f3b, w\u00a0tym badania i\u00a0porady w\u00a0ramach profilaktyki wieku rozwojowego oraz\u00a0szczepienia ochronne, \u015bwiadczenia profilaktyczne, inne \u015bwiadczenia wynikaj\u0105ce z potrzeb populacji obj\u0119tej opiek\u0105, w tym: kierowanie do poradni specjalistycznych i na leczenie szpitalne, kierowanie na rehabilitacj\u0119 i leczenie uzdrowiskowe, kwalifikowanie do\u015bwiadcze\u0144 transportu sanitarnego w POZ i wystawianie zlece\u0144 przewoz\u00f3w, wystawianie zlece\u0144 na realizacj\u0119 \u015bwiadcze\u0144 pozostaj\u0105cych w zakresie zada\u0144 piel\u0119gniarki POZ, wystawianie za\u015bwiadcze\u0144 dotycz\u0105cych stanu zdrowia pacjenta.<\/p>\n","protected":false},"author":1,"featured_media":0,"parent":0,"menu_order":0,"comment_status":"closed","ping_status":"closed","template":"","meta":{"footnotes":""},"class_list":["post-3137","page","type-page","status-publish","hentry"],"_links":{"self":[{"href":"https:\/\/cormedprzemkow.pl\/index.php?rest_route=\/wp\/v2\/pages\/3137","targetHints":{"allow":["GET"]}}],"collection":[{"href":"https:\/\/cormedprzemkow.pl\/index.php?rest_route=\/wp\/v2\/pages"}],"about":[{"href":"https:\/\/cormedprzemkow.pl\/index.php?rest_route=\/wp\/v2\/types\/page"}],"author":[{"embeddable":true,"href":"https:\/\/cormedprzemkow.pl\/index.php?rest_route=\/wp\/v2\/users\/1"}],"replies":[{"embeddable":true,"href":"https:\/\/cormedprzemkow.pl\/index.php?rest_route=%2Fwp%2Fv2%2Fcomments&post=3137"}],"version-history":[{"count":7,"href":"https:\/\/cormedprzemkow.pl\/index.php?rest_route=\/wp\/v2\/pages\/3137\/revisions"}],"predecessor-version":[{"id":3427,"href":"https:\/\/cormedprzemkow.pl\/index.php?rest_route=\/wp\/v2\/pages\/3137\/revisions\/3427"}],"wp:attachment":[{"href":"https:\/\/cormedprzemkow.pl\/index.php?rest_route=%2Fwp%2Fv2%2Fmedia&parent=3137"}],"curies":[{"name":"wp","href":"https:\/\/api.w.org\/{rel}","templated":true}]}}