{"id":3145,"date":"2022-12-28T21:11:02","date_gmt":"2022-12-28T21:11:02","guid":{"rendered":"http:\/\/cormedprzemkow.pl\/?page_id=3145"},"modified":"2022-12-29T19:21:42","modified_gmt":"2022-12-29T19:21:42","slug":"pielegniarka-poz","status":"publish","type":"page","link":"https:\/\/cormedprzemkow.pl\/?page_id=3145","title":{"rendered":"Piel\u0119gniarka POZ"},"content":{"rendered":"\t\t<div data-elementor-type=\"wp-page\" data-elementor-id=\"3145\" class=\"elementor elementor-3145\" data-elementor-settings=\"{&quot;ha_cmc_init_switcher&quot;:&quot;no&quot;}\">\n\t\t\t\t\t\t<section class=\"elementor-section elementor-top-section elementor-element elementor-element-edfeb1f elementor-section-boxed elementor-section-height-default elementor-section-height-default wpr-particle-no wpr-jarallax-no wpr-parallax-no wpr-sticky-section-no\" data-id=\"edfeb1f\" data-element_type=\"section\" data-settings=\"{&quot;_ha_eqh_enable&quot;:false}\">\n\t\t\t\t\t\t<div class=\"elementor-container elementor-column-gap-default\">\n\t\t\t\t\t<div class=\"elementor-column elementor-col-100 elementor-top-column elementor-element elementor-element-7036706\" data-id=\"7036706\" data-element_type=\"column\">\n\t\t\t<div class=\"elementor-widget-wrap elementor-element-populated\">\n\t\t\t\t\t\t<div class=\"elementor-element elementor-element-a21658e wpr-team-member-divider-center elementor-widget elementor-widget-wpr-team-member\" data-id=\"a21658e\" data-element_type=\"widget\" data-widget_type=\"wpr-team-member.default\">\n\t\t\t\t<div class=\"elementor-widget-container\">\n\t\t\t\t\t\n\t<div class=\"wpr-team-member\">\n\t\t\t\t\t\n\t\t\t<div class=\"wpr-member-media\">\n\t\t\t\t<div class=\"wpr-member-image\">\n\t\t\t\t\t<img decoding=\"async\" src=\"https:\/\/cormedprzemkow.pl\/wp-content\/uploads\/2022\/12\/Beata-Janas.jpg\" alt=\"lic. piel. Beata Janas\">\n\t\t\t\t<\/div>\n\t\t\t\t\t\t\t<\/div>\n\t\t\t\t\n\t\t\n\t\t<div class=\"wpr-member-content\">\n\t\t\t<h3 class=\"wpr-member-name\">lic. piel. Beata Janas<\/h3>\n\t\t\t\n\t\t\t\t\t\t\t<div class=\"wpr-member-job\">COR-MED M&amp;S Diallo Sp\u00f3\u0142ka Jawna<\/div>\n\t\t\t\n\t\t\t\t\t\t\t<div class=\"wpr-member-divider\"><\/div>\n\t\t\t\n\t\t\t\t\t\t\n\t\t\t\t\t<\/div>\n\n\t\t\t<\/div>\n\n\t\t\t\t\t<\/div>\n\t\t\t\t<\/div>\n\t\t\t\t<div class=\"elementor-element elementor-element-d51f070 elementor-widget elementor-widget-text-editor\" data-id=\"d51f070\" data-element_type=\"widget\" data-widget_type=\"text-editor.default\">\n\t\t\t\t<div class=\"elementor-widget-container\">\n\t\t\t\t\t\t\t\t\t<p>Piel\u0119gniarka POZ COR-MED udziela \u015bwiadcze\u0144 w dni powszednie od poniedzia\u0142ku do pi\u0105tku, z wy\u0142\u0105czeniem dni ustawowo wolnych od pracy, zgodnie z przyj\u0119tym harmonogramem pracy. \u015awiadczenia udzielane s\u0105 osobom uprawnionym do\u00a0\u015bwiadcze\u0144 zamieszka\u0142ym\/przebywaj\u0105cym na\u00a0terytorium Polski, kt\u00f3re z\u0142o\u017cy\u0142y deklaracj\u0119 wyboru piel\u0119gniarki POZ w naszej plac\u00f3wce.<\/p><p><strong>Wyboru dokonujesz poprzez:<\/strong><\/p><ul><li>z\u0142o\u017cenie pisemnej deklaracji w przychodni.<\/li><li>z\u0142o\u017cenie deklaracji przez Internet w\u00a0<a href=\"https:\/\/pacjent.gov.pl\/internetowe-konto-pacjenta\">Internetowym Koncie Pacjenta<\/a>. Po zalogowaniu si\u0119 do\u00a0serwisu mo\u017cesz sprawdzi\u0107 r\u00f3wnie\u017c, do\u00a0kt\u00f3rego lekarza, piel\u0119gniarki, po\u0142o\u017cnej oraz w\u00a0kt\u00f3rej przychodni\u00a0z\u0142o\u017cy\u0142e\u015b ju\u017c deklaracj\u0119.<\/li><\/ul><p><em>Szczeg\u00f3\u0142owe informacje w Punkcie Rejestracji lub pod numerami telefon\u00f3w: 76 8319 409, 505957511<\/em><\/p><p>\u00a0<\/p><p>\u015awiadczenia piel\u0119gniarki\u00a0POZ\u00a0obejmuj\u0105 kompleksow\u0105 opiek\u0119 piel\u0119gniarsk\u0105 nad osob\u0105, rodzin\u0105, spo\u0142eczno\u015bci\u0105 w\u00a0\u015brodowisku zamieszkania, z\u00a0uwzgl\u0119dnieniem miejsca udzielania \u015bwiadcze\u0144, takie jak:<\/p><ul><li>\u015bwiadczenia profilaktyczne u dzieci w\u00a0wieku\u00a0<strong>0<\/strong>&#8211;<strong>6 r.\u017c.<\/strong>, w\u00a0tym:<ul><li>wizyty patrona\u017cowe w\u00a0<strong>3<\/strong>&#8211;<strong>4.<\/strong>(trzecim-czwartym) miesi\u0105cu \u017cycia i\u00a0&#8211; o\u00a0ile w\u00a0czasie tej wizyty zosta\u0142y stwierdzone zaburzenia stanu zdrowia dziecka &#8211; tak\u017ce w\u00a0<strong>9.<\/strong>\u00a0(dziewi\u0105tym) miesi\u0105cu \u017cycia dziecka,<\/li><li>testy przesiewowe w\u00a0<strong>12. (dwunastym)<\/strong>\u00a0miesi\u0105cu \u017cycia dziecka oraz w\u00a0wieku\u00a0<strong>2<\/strong>,\u00a0<strong>4<\/strong>\u00a0i\u00a0<strong>5<\/strong>\u00a0lat;<\/li><\/ul><\/li><li>\u015bwiadczenia profilaktyki gru\u017alicy;<\/li><li>\u015bwiadczenia lecznicze, w\u00a0tym: wykonywanie iniekcji i\u00a0zabieg\u00f3w na\u00a0podstawie zlece\u0144 lekarzy ubezpieczenia zdrowotnego w\u00a0gabinecie piel\u0119gniarki\u00a0POZ\u00a0i\u00a0w domu pacjenta;<\/li><li>\u015bwiadczenia diagnostyczne, w\u00a0tym: pobieranie materia\u0142\u00f3w do\u00a0bada\u0144 diagnostycznych na\u00a0podstawie zlecenia lekarza\u00a0POZ, w\u00a0sytuacji gdy pobranie z\u00a0przyczyn medycznych powinno by\u0107 zrealizowane w\u00a0domu pacjenta;<\/li><li>\u015bwiadczenia piel\u0119gnacyjne i\u00a0rehabilitacyjne, w\u00a0szczeg\u00f3lno\u015bci dla os\u00f3b, u kt\u00f3rych wyst\u0119puje ograniczenie sprawno\u015bci psychofizycznej w\u00a0wyniku choroby.<\/li><\/ul>\t\t\t\t\t\t\t\t<\/div>\n\t\t\t\t<\/div>\n\t\t\t\t\t<\/div>\n\t\t<\/div>\n\t\t\t\t\t<\/div>\n\t\t<\/section>\n\t\t\t\t<\/div>\n\t\t","protected":false},"excerpt":{"rendered":"<p>lic. piel. Beata Janas COR-MED M&amp;S Diallo Sp\u00f3\u0142ka Jawna Piel\u0119gniarka POZ COR-MED udziela \u015bwiadcze\u0144 w dni powszednie od poniedzia\u0142ku do pi\u0105tku, z wy\u0142\u0105czeniem dni ustawowo wolnych od pracy, zgodnie z przyj\u0119tym harmonogramem pracy. \u015awiadczenia udzielane s\u0105 osobom uprawnionym do\u00a0\u015bwiadcze\u0144 zamieszka\u0142ym\/przebywaj\u0105cym na\u00a0terytorium Polski, kt\u00f3re z\u0142o\u017cy\u0142y deklaracj\u0119 wyboru piel\u0119gniarki POZ w naszej plac\u00f3wce. Wyboru dokonujesz poprzez: z\u0142o\u017cenie pisemnej deklaracji w przychodni. z\u0142o\u017cenie deklaracji przez Internet w\u00a0Internetowym Koncie Pacjenta. Po zalogowaniu si\u0119 do\u00a0serwisu mo\u017cesz sprawdzi\u0107 r\u00f3wnie\u017c, do\u00a0kt\u00f3rego lekarza, piel\u0119gniarki, po\u0142o\u017cnej oraz w\u00a0kt\u00f3rej przychodni\u00a0z\u0142o\u017cy\u0142e\u015b ju\u017c deklaracj\u0119. Szczeg\u00f3\u0142owe informacje w Punkcie Rejestracji lub pod numerami telefon\u00f3w: 76 8319 409, 505957511 \u00a0 \u015awiadczenia piel\u0119gniarki\u00a0POZ\u00a0obejmuj\u0105 kompleksow\u0105 opiek\u0119 piel\u0119gniarsk\u0105 nad osob\u0105, rodzin\u0105, spo\u0142eczno\u015bci\u0105 w\u00a0\u015brodowisku zamieszkania, z\u00a0uwzgl\u0119dnieniem miejsca udzielania \u015bwiadcze\u0144, takie jak: \u015bwiadczenia profilaktyczne u dzieci w\u00a0wieku\u00a00&#8211;6 r.\u017c., w\u00a0tym: wizyty patrona\u017cowe w\u00a03&#8211;4.(trzecim-czwartym) miesi\u0105cu \u017cycia i\u00a0&#8211; o\u00a0ile w\u00a0czasie tej wizyty zosta\u0142y stwierdzone zaburzenia stanu zdrowia dziecka &#8211; tak\u017ce w\u00a09.\u00a0(dziewi\u0105tym) miesi\u0105cu \u017cycia dziecka, testy przesiewowe w\u00a012. (dwunastym)\u00a0miesi\u0105cu \u017cycia dziecka oraz w\u00a0wieku\u00a02,\u00a04\u00a0i\u00a05\u00a0lat; \u015bwiadczenia profilaktyki gru\u017alicy; \u015bwiadczenia lecznicze, w\u00a0tym: wykonywanie iniekcji i\u00a0zabieg\u00f3w na\u00a0podstawie zlece\u0144 lekarzy ubezpieczenia zdrowotnego w\u00a0gabinecie piel\u0119gniarki\u00a0POZ\u00a0i\u00a0w domu pacjenta; \u015bwiadczenia diagnostyczne, w\u00a0tym: pobieranie materia\u0142\u00f3w do\u00a0bada\u0144 diagnostycznych na\u00a0podstawie zlecenia lekarza\u00a0POZ, w\u00a0sytuacji gdy pobranie z\u00a0przyczyn medycznych powinno by\u0107 zrealizowane w\u00a0domu pacjenta; \u015bwiadczenia piel\u0119gnacyjne i\u00a0rehabilitacyjne, w\u00a0szczeg\u00f3lno\u015bci dla os\u00f3b, u kt\u00f3rych wyst\u0119puje ograniczenie sprawno\u015bci psychofizycznej w\u00a0wyniku choroby.<\/p>\n","protected":false},"author":1,"featured_media":0,"parent":0,"menu_order":0,"comment_status":"closed","ping_status":"closed","template":"","meta":{"footnotes":""},"class_list":["post-3145","page","type-page","status-publish","hentry"],"_links":{"self":[{"href":"https:\/\/cormedprzemkow.pl\/index.php?rest_route=\/wp\/v2\/pages\/3145","targetHints":{"allow":["GET"]}}],"collection":[{"href":"https:\/\/cormedprzemkow.pl\/index.php?rest_route=\/wp\/v2\/pages"}],"about":[{"href":"https:\/\/cormedprzemkow.pl\/index.php?rest_route=\/wp\/v2\/types\/page"}],"author":[{"embeddable":true,"href":"https:\/\/cormedprzemkow.pl\/index.php?rest_route=\/wp\/v2\/users\/1"}],"replies":[{"embeddable":true,"href":"https:\/\/cormedprzemkow.pl\/index.php?rest_route=%2Fwp%2Fv2%2Fcomments&post=3145"}],"version-history":[{"count":10,"href":"https:\/\/cormedprzemkow.pl\/index.php?rest_route=\/wp\/v2\/pages\/3145\/revisions"}],"predecessor-version":[{"id":3445,"href":"https:\/\/cormedprzemkow.pl\/index.php?rest_route=\/wp\/v2\/pages\/3145\/revisions\/3445"}],"wp:attachment":[{"href":"https:\/\/cormedprzemkow.pl\/index.php?rest_route=%2Fwp%2Fv2%2Fmedia&parent=3145"}],"curies":[{"name":"wp","href":"https:\/\/api.w.org\/{rel}","templated":true}]}}