{"id":3157,"date":"2022-12-28T21:16:29","date_gmt":"2022-12-28T21:16:29","guid":{"rendered":"http:\/\/cormedprzemkow.pl\/?page_id=3157"},"modified":"2022-12-29T19:23:10","modified_gmt":"2022-12-29T19:23:10","slug":"polozna-poz","status":"publish","type":"page","link":"https:\/\/cormedprzemkow.pl\/?page_id=3157","title":{"rendered":"Po\u0142o\u017cna POZ"},"content":{"rendered":"\t\t<div data-elementor-type=\"wp-page\" data-elementor-id=\"3157\" class=\"elementor elementor-3157\" data-elementor-settings=\"{&quot;ha_cmc_init_switcher&quot;:&quot;no&quot;}\">\n\t\t\t\t\t\t<section class=\"elementor-section elementor-top-section elementor-element elementor-element-32678d9 elementor-section-boxed elementor-section-height-default elementor-section-height-default wpr-particle-no wpr-jarallax-no wpr-parallax-no wpr-sticky-section-no\" data-id=\"32678d9\" data-element_type=\"section\" data-settings=\"{&quot;_ha_eqh_enable&quot;:false}\">\n\t\t\t\t\t\t<div class=\"elementor-container elementor-column-gap-default\">\n\t\t\t\t\t<div class=\"elementor-column elementor-col-100 elementor-top-column elementor-element elementor-element-816b8a9\" data-id=\"816b8a9\" data-element_type=\"column\">\n\t\t\t<div class=\"elementor-widget-wrap elementor-element-populated\">\n\t\t\t\t\t\t<div class=\"elementor-element elementor-element-7814bc6 wpr-team-member-divider-center elementor-widget elementor-widget-wpr-team-member\" data-id=\"7814bc6\" data-element_type=\"widget\" data-widget_type=\"wpr-team-member.default\">\n\t\t\t\t<div class=\"elementor-widget-container\">\n\t\t\t\t\t\n\t<div class=\"wpr-team-member\">\n\t\t\t\t\t\n\t\t\t<div class=\"wpr-member-media\">\n\t\t\t\t<div class=\"wpr-member-image\">\n\t\t\t\t\t<img decoding=\"async\" src=\"https:\/\/cormedprzemkow.pl\/wp-content\/uploads\/2022\/12\/Bozena-Ratajczak.jpg\" alt=\"po\u0142. Bo\u017cena Ratajczak\">\n\t\t\t\t<\/div>\n\t\t\t\t\t\t\t<\/div>\n\t\t\t\t\n\t\t\n\t\t<div class=\"wpr-member-content\">\n\t\t\t<h3 class=\"wpr-member-name\">po\u0142. Bo\u017cena Ratajczak<\/h3>\n\t\t\t\n\t\t\t\t\t\t\t<div class=\"wpr-member-job\">COR-MED M&amp;S Diallo Sp\u00f3\u0142ka Jawna<\/div>\n\t\t\t\n\t\t\t\t\t\t\t<div class=\"wpr-member-divider\"><\/div>\n\t\t\t\n\t\t\t\t\t\t\n\t\t\t\t\t<\/div>\n\n\t\t\t<\/div>\n\n\t\t\t\t\t<\/div>\n\t\t\t\t<\/div>\n\t\t\t\t<div class=\"elementor-element elementor-element-3a99d7c elementor-widget elementor-widget-text-editor\" data-id=\"3a99d7c\" data-element_type=\"widget\" data-widget_type=\"text-editor.default\">\n\t\t\t\t<div class=\"elementor-widget-container\">\n\t\t\t\t\t\t\t\t\t<p>Po\u0142o\u017cna POZ COR-MED udziela \u015bwiadcze\u0144 w dni powszednie od poniedzia\u0142ku do pi\u0105tku, z wy\u0142\u0105czeniem dni ustawowo wolnych od pracy, zgodnie z przyj\u0119tym harmonogramem pracy. \u015awiadczenia udzielane s\u0105 osobom uprawnionym do\u00a0\u015bwiadcze\u0144 zamieszka\u0142ym\/przebywaj\u0105cym na\u00a0terytorium Polski, kt\u00f3re z\u0142o\u017cy\u0142y deklaracj\u0119 wyboru po\u0142o\u017cnej POZ w naszej plac\u00f3wce.<\/p><p><strong>Wyboru dokonujesz poprzez:<\/strong><\/p><ul><li>z\u0142o\u017cenie pisemnej deklaracji w przychodni.<\/li><li>z\u0142o\u017cenie deklaracji przez Internet w\u00a0<a href=\"https:\/\/pacjent.gov.pl\/internetowe-konto-pacjenta\">Internetowym Koncie Pacjenta<\/a>. Po zalogowaniu si\u0119 do\u00a0serwisu mo\u017cesz sprawdzi\u0107 r\u00f3wnie\u017c, do\u00a0kt\u00f3rego lekarza, piel\u0119gniarki, po\u0142o\u017cnej oraz w\u00a0kt\u00f3rej przychodni\u00a0z\u0142o\u017cy\u0142e\u015b ju\u017c deklaracj\u0119.<\/li><\/ul><p><em>Szczeg\u00f3\u0142owe informacje w Punkcie Rejestracji lub pod numerami telefon\u00f3w: 76 8319 409, 505957511<\/em><\/p><p>\u00a0<\/p><p>\u015awiadczenia po\u0142o\u017cnej\u00a0POZ\u00a0obejmuj\u0105 kompleksow\u0105 piel\u0119gnacyjn\u0105 opiek\u0119 po\u0142o\u017cniczo-neonatologiczno-ginekologiczn\u0105 nad populacj\u0105 obj\u0119t\u0105 opiek\u0105, w\u00a0tym:<\/p><ul><li>edukacj\u0119 w\u00a0zakresie planowania rodziny;<\/li><li>opiek\u0119 w\u00a0okresie ci\u0105\u017cy, porodu i\u00a0po\u0142ogu, w\u00a0tym edukacj\u0119 przedporodow\u0105 realizowan\u0105 u kobiet w\u00a0ci\u0105\u017cy (w tym w\u00a0ci\u0105\u017cy wysokiego ryzyka), pocz\u0105wszy od\u00a0<strong>21<\/strong>. (dwudziestego pierwszego) tygodnia ci\u0105\u017cy do\u00a0terminu rozwi\u0105zania;<\/li><li>opiek\u0119 nad kobiet\u0105, noworodkiem i\u00a0niemowl\u0119ciem do\u00a0uko\u0144czenia\u00a0<strong>2<\/strong>. (drugiego) miesi\u0105ca \u017cycia, realizowan\u0105 w\u00a0ramach wizyt patrona\u017cowych;<\/li><li>opiek\u0119 w\u00a0chorobach ginekologicznych, w\u00a0tym opiek\u0119 piel\u0119gnacyjn\u0105 nad kobiet\u0105 po operacji ginekologicznej lub onkologiczno-ginekologicznej obejmuj\u0105c\u0105 okres od\u00a0momentu wypisu ze szpitala do\u00a0ca\u0142kowitego zagojenia si\u0119 rany pooperacyjnej, realizowane na\u00a0podstawie skierowania lekarza oddzia\u0142u, kt\u00f3ry wykona\u0142 operacj\u0119;<\/li><li>wykonywanie zgodnie z\u00a0posiadanymi kompetencjami, iniekcji i\u00a0zabieg\u00f3w na\u00a0podstawie zlece\u0144 innych lekarzy ubezpieczenia zdrowotnego, w\u00a0gabinecie po\u0142o\u017cnej poz i\u00a0w domu pacjenta;<\/li><li>pobieranie materia\u0142u z\u00a0szyjki macicy do\u00a0przesiewowego badania cytologicznego w\u00a0ramach Programu profilaktyki raka szyjki macicy;<\/li><li>opiek\u0119 nad kobiet\u0105 w\u00a0ka\u017cdym okresie jej \u017cycia.<\/li><\/ul>\t\t\t\t\t\t\t\t<\/div>\n\t\t\t\t<\/div>\n\t\t\t\t\t<\/div>\n\t\t<\/div>\n\t\t\t\t\t<\/div>\n\t\t<\/section>\n\t\t\t\t<\/div>\n\t\t","protected":false},"excerpt":{"rendered":"<p>po\u0142. Bo\u017cena Ratajczak COR-MED M&amp;S Diallo Sp\u00f3\u0142ka Jawna Po\u0142o\u017cna POZ COR-MED udziela \u015bwiadcze\u0144 w dni powszednie od poniedzia\u0142ku do pi\u0105tku, z wy\u0142\u0105czeniem dni ustawowo wolnych od pracy, zgodnie z przyj\u0119tym harmonogramem pracy. \u015awiadczenia udzielane s\u0105 osobom uprawnionym do\u00a0\u015bwiadcze\u0144 zamieszka\u0142ym\/przebywaj\u0105cym na\u00a0terytorium Polski, kt\u00f3re z\u0142o\u017cy\u0142y deklaracj\u0119 wyboru po\u0142o\u017cnej POZ w naszej plac\u00f3wce. Wyboru dokonujesz poprzez: z\u0142o\u017cenie pisemnej deklaracji w przychodni. z\u0142o\u017cenie deklaracji przez Internet w\u00a0Internetowym Koncie Pacjenta. Po zalogowaniu si\u0119 do\u00a0serwisu mo\u017cesz sprawdzi\u0107 r\u00f3wnie\u017c, do\u00a0kt\u00f3rego lekarza, piel\u0119gniarki, po\u0142o\u017cnej oraz w\u00a0kt\u00f3rej przychodni\u00a0z\u0142o\u017cy\u0142e\u015b ju\u017c deklaracj\u0119. Szczeg\u00f3\u0142owe informacje w Punkcie Rejestracji lub pod numerami telefon\u00f3w: 76 8319 409, 505957511 \u00a0 \u015awiadczenia po\u0142o\u017cnej\u00a0POZ\u00a0obejmuj\u0105 kompleksow\u0105 piel\u0119gnacyjn\u0105 opiek\u0119 po\u0142o\u017cniczo-neonatologiczno-ginekologiczn\u0105 nad populacj\u0105 obj\u0119t\u0105 opiek\u0105, w\u00a0tym: edukacj\u0119 w\u00a0zakresie planowania rodziny; opiek\u0119 w\u00a0okresie ci\u0105\u017cy, porodu i\u00a0po\u0142ogu, w\u00a0tym edukacj\u0119 przedporodow\u0105 realizowan\u0105 u kobiet w\u00a0ci\u0105\u017cy (w tym w\u00a0ci\u0105\u017cy wysokiego ryzyka), pocz\u0105wszy od\u00a021. (dwudziestego pierwszego) tygodnia ci\u0105\u017cy do\u00a0terminu rozwi\u0105zania; opiek\u0119 nad kobiet\u0105, noworodkiem i\u00a0niemowl\u0119ciem do\u00a0uko\u0144czenia\u00a02. (drugiego) miesi\u0105ca \u017cycia, realizowan\u0105 w\u00a0ramach wizyt patrona\u017cowych; opiek\u0119 w\u00a0chorobach ginekologicznych, w\u00a0tym opiek\u0119 piel\u0119gnacyjn\u0105 nad kobiet\u0105 po operacji ginekologicznej lub onkologiczno-ginekologicznej obejmuj\u0105c\u0105 okres od\u00a0momentu wypisu ze szpitala do\u00a0ca\u0142kowitego zagojenia si\u0119 rany pooperacyjnej, realizowane na\u00a0podstawie skierowania lekarza oddzia\u0142u, kt\u00f3ry wykona\u0142 operacj\u0119; wykonywanie zgodnie z\u00a0posiadanymi kompetencjami, iniekcji i\u00a0zabieg\u00f3w na\u00a0podstawie zlece\u0144 innych lekarzy ubezpieczenia zdrowotnego, w\u00a0gabinecie po\u0142o\u017cnej poz i\u00a0w domu pacjenta; pobieranie materia\u0142u z\u00a0szyjki macicy do\u00a0przesiewowego badania cytologicznego w\u00a0ramach Programu profilaktyki raka szyjki macicy; opiek\u0119 nad kobiet\u0105 w\u00a0ka\u017cdym okresie jej \u017cycia.<\/p>\n","protected":false},"author":1,"featured_media":0,"parent":0,"menu_order":0,"comment_status":"closed","ping_status":"closed","template":"","meta":{"footnotes":""},"class_list":["post-3157","page","type-page","status-publish","hentry"],"_links":{"self":[{"href":"https:\/\/cormedprzemkow.pl\/index.php?rest_route=\/wp\/v2\/pages\/3157","targetHints":{"allow":["GET"]}}],"collection":[{"href":"https:\/\/cormedprzemkow.pl\/index.php?rest_route=\/wp\/v2\/pages"}],"about":[{"href":"https:\/\/cormedprzemkow.pl\/index.php?rest_route=\/wp\/v2\/types\/page"}],"author":[{"embeddable":true,"href":"https:\/\/cormedprzemkow.pl\/index.php?rest_route=\/wp\/v2\/users\/1"}],"replies":[{"embeddable":true,"href":"https:\/\/cormedprzemkow.pl\/index.php?rest_route=%2Fwp%2Fv2%2Fcomments&post=3157"}],"version-history":[{"count":7,"href":"https:\/\/cormedprzemkow.pl\/index.php?rest_route=\/wp\/v2\/pages\/3157\/revisions"}],"predecessor-version":[{"id":3449,"href":"https:\/\/cormedprzemkow.pl\/index.php?rest_route=\/wp\/v2\/pages\/3157\/revisions\/3449"}],"wp:attachment":[{"href":"https:\/\/cormedprzemkow.pl\/index.php?rest_route=%2Fwp%2Fv2%2Fmedia&parent=3157"}],"curies":[{"name":"wp","href":"https:\/\/api.w.org\/{rel}","templated":true}]}}