{"id":3174,"date":"2022-12-28T21:22:59","date_gmt":"2022-12-28T21:22:59","guid":{"rendered":"http:\/\/cormedprzemkow.pl\/?page_id=3174"},"modified":"2022-12-29T19:18:26","modified_gmt":"2022-12-29T19:18:26","slug":"gabinet-zabiegowy","status":"publish","type":"page","link":"https:\/\/cormedprzemkow.pl\/?page_id=3174","title":{"rendered":"Gabinet zabiegowy"},"content":{"rendered":"\t\t<div data-elementor-type=\"wp-page\" data-elementor-id=\"3174\" class=\"elementor elementor-3174\" data-elementor-settings=\"{&quot;ha_cmc_init_switcher&quot;:&quot;no&quot;}\">\n\t\t\t\t\t\t<section class=\"elementor-section elementor-top-section elementor-element elementor-element-fda2c11 elementor-section-boxed elementor-section-height-default elementor-section-height-default wpr-particle-no wpr-jarallax-no wpr-parallax-no wpr-sticky-section-no\" data-id=\"fda2c11\" data-element_type=\"section\" data-settings=\"{&quot;_ha_eqh_enable&quot;:false}\">\n\t\t\t\t\t\t<div class=\"elementor-container elementor-column-gap-default\">\n\t\t\t\t\t<div class=\"elementor-column elementor-col-100 elementor-top-column elementor-element elementor-element-5d5ad4d\" data-id=\"5d5ad4d\" data-element_type=\"column\">\n\t\t\t<div class=\"elementor-widget-wrap elementor-element-populated\">\n\t\t\t\t\t\t<section class=\"elementor-section elementor-inner-section elementor-element elementor-element-fe29270 elementor-section-boxed elementor-section-height-default elementor-section-height-default wpr-particle-no wpr-jarallax-no wpr-parallax-no wpr-sticky-section-no\" data-id=\"fe29270\" data-element_type=\"section\" data-settings=\"{&quot;_ha_eqh_enable&quot;:false}\">\n\t\t\t\t\t\t<div class=\"elementor-container elementor-column-gap-default\">\n\t\t\t\t\t<div class=\"elementor-column elementor-col-33 elementor-inner-column elementor-element elementor-element-68ef334\" data-id=\"68ef334\" data-element_type=\"column\">\n\t\t\t<div class=\"elementor-widget-wrap elementor-element-populated\">\n\t\t\t\t\t\t<div class=\"elementor-element elementor-element-8d653f8 elementor-widget elementor-widget-wpr-team-member\" data-id=\"8d653f8\" data-element_type=\"widget\" data-widget_type=\"wpr-team-member.default\">\n\t\t\t\t<div class=\"elementor-widget-container\">\n\t\t\t\t\t\n\t<div class=\"wpr-team-member\">\n\t\t\t\t\t\n\t\t\t<div class=\"wpr-member-media\">\n\t\t\t\t<div class=\"wpr-member-image\">\n\t\t\t\t\t<img decoding=\"async\" src=\"https:\/\/cormedprzemkow.pl\/wp-content\/plugins\/elementor\/assets\/images\/placeholder.png\" alt=\"piel. Anna \u017buk\">\n\t\t\t\t<\/div>\n\t\t\t\t\t\t\t<\/div>\n\t\t\t\t\n\t\t\n\t\t<div class=\"wpr-member-content\">\n\t\t\t<h3 class=\"wpr-member-name\">piel. Anna \u017buk<\/h3>\n\t\t\t\n\t\t\t\t\t\t\t<div class=\"wpr-member-job\">COR-MED M&amp;S Diallo Sp\u00f3\u0142ka Jawna<\/div>\n\t\t\t\n\t\t\t\n\t\t\t\t\t\t\n\t\t\t\t\t<\/div>\n\n\t\t\t<\/div>\n\n\t\t\t\t\t<\/div>\n\t\t\t\t<\/div>\n\t\t\t\t\t<\/div>\n\t\t<\/div>\n\t\t\t\t<div class=\"elementor-column elementor-col-33 elementor-inner-column elementor-element elementor-element-3dcd06d\" data-id=\"3dcd06d\" data-element_type=\"column\">\n\t\t\t<div class=\"elementor-widget-wrap elementor-element-populated\">\n\t\t\t\t\t\t<div class=\"elementor-element elementor-element-85c3f09 elementor-widget elementor-widget-wpr-team-member\" data-id=\"85c3f09\" data-element_type=\"widget\" data-widget_type=\"wpr-team-member.default\">\n\t\t\t\t<div class=\"elementor-widget-container\">\n\t\t\t\t\t\n\t<div class=\"wpr-team-member\">\n\t\t\t\t\t\n\t\t\t<div class=\"wpr-member-media\">\n\t\t\t\t<div class=\"wpr-member-image\">\n\t\t\t\t\t<img decoding=\"async\" src=\"https:\/\/cormedprzemkow.pl\/wp-content\/uploads\/2022\/12\/Irena-Tomasz.jpg\" alt=\"piel. Irena Tomasz\">\n\t\t\t\t<\/div>\n\t\t\t\t\t\t\t<\/div>\n\t\t\t\t\n\t\t\n\t\t<div class=\"wpr-member-content\">\n\t\t\t<h3 class=\"wpr-member-name\">piel. Irena Tomasz<\/h3>\n\t\t\t\n\t\t\t\t\t\t\t<div class=\"wpr-member-job\">COR-MED M&amp;S Diallo Sp\u00f3\u0142ka Jawna<\/div>\n\t\t\t\n\t\t\t\n\t\t\t\t\t\t\n\t\t\t\t\t<\/div>\n\n\t\t\t<\/div>\n\n\t\t\t\t\t<\/div>\n\t\t\t\t<\/div>\n\t\t\t\t\t<\/div>\n\t\t<\/div>\n\t\t\t\t<div class=\"elementor-column elementor-col-33 elementor-inner-column elementor-element elementor-element-c74fab2\" data-id=\"c74fab2\" data-element_type=\"column\">\n\t\t\t<div class=\"elementor-widget-wrap elementor-element-populated\">\n\t\t\t\t\t\t<div class=\"elementor-element elementor-element-124fa39 elementor-widget elementor-widget-wpr-team-member\" data-id=\"124fa39\" data-element_type=\"widget\" data-widget_type=\"wpr-team-member.default\">\n\t\t\t\t<div class=\"elementor-widget-container\">\n\t\t\t\t\t\n\t<div class=\"wpr-team-member\">\n\t\t\t\t\t\n\t\t\t<div class=\"wpr-member-media\">\n\t\t\t\t<div class=\"wpr-member-image\">\n\t\t\t\t\t<img decoding=\"async\" src=\"https:\/\/cormedprzemkow.pl\/wp-content\/plugins\/elementor\/assets\/images\/placeholder.png\" alt=\"piel. Dorota Sawicka\">\n\t\t\t\t<\/div>\n\t\t\t\t\t\t\t<\/div>\n\t\t\t\t\n\t\t\n\t\t<div class=\"wpr-member-content\">\n\t\t\t<h3 class=\"wpr-member-name\">piel. Dorota Sawicka<\/h3>\n\t\t\t\n\t\t\t\t\t\t\t<div class=\"wpr-member-job\">COR-MED M&amp;S Diallo Sp\u00f3\u0142ka Jawna<\/div>\n\t\t\t\n\t\t\t\n\t\t\t\t\t\t\n\t\t\t\t\t<\/div>\n\n\t\t\t<\/div>\n\n\t\t\t\t\t<\/div>\n\t\t\t\t<\/div>\n\t\t\t\t\t<\/div>\n\t\t<\/div>\n\t\t\t\t\t<\/div>\n\t\t<\/section>\n\t\t\t\t<section class=\"elementor-section elementor-inner-section elementor-element elementor-element-bc396e8 elementor-section-boxed elementor-section-height-default elementor-section-height-default wpr-particle-no wpr-jarallax-no wpr-parallax-no wpr-sticky-section-no\" data-id=\"bc396e8\" data-element_type=\"section\" data-settings=\"{&quot;_ha_eqh_enable&quot;:false}\">\n\t\t\t\t\t\t<div class=\"elementor-container elementor-column-gap-default\">\n\t\t\t\t\t<div class=\"elementor-column elementor-col-100 elementor-inner-column elementor-element elementor-element-df12728\" data-id=\"df12728\" data-element_type=\"column\">\n\t\t\t<div class=\"elementor-widget-wrap elementor-element-populated\">\n\t\t\t\t\t\t<div class=\"elementor-element elementor-element-8fce908 elementor-widget elementor-widget-text-editor\" data-id=\"8fce908\" data-element_type=\"widget\" data-widget_type=\"text-editor.default\">\n\t\t\t\t<div class=\"elementor-widget-container\">\n\t\t\t\t\t\t\t\t\t<p>Gabinet zabiegowy COR-MED czynny jest od poniedzia\u0142ku do pi\u0105tku, z wy\u0142\u0105czeniem dni ustawowo wolnych od pracy, od godziny 8:00 do 18:00.<\/p><p>W Gabinecie zabiegowym COR-MED wykonywane s\u0105 nast\u0119puj\u0105ce zabiegi:<\/p><ul><li>iniekcje (domi\u0119\u015bniowe, podsk\u00f3rne, \u015br\u00f3dsk\u00f3rne, do\u017cylne)<\/li><li>EKG (Elektrokardiograf)<\/li><li>badanie spirometryczne<\/li><li>ok\u0142ady<\/li><li>p\u0142ukanie uszu<\/li><li>pomiary antropometryczne (wzrost, waga)<\/li><li>pomiar cukru<\/li><li>pomiar ci\u015bnienia \u2013 RR<\/li><li>usuwanie szw\u00f3w<\/li><li>zak\u0142adanie\/wymiana cewnika do p\u0119cherza moczowego<\/li><li>zmiana opatrunk\u00f3w<\/li><li>zabiegi inne (t\u0119tno, saturacja, temperatura cia\u0142a, podanie tlenu, podanie leku doustnego)<\/li><\/ul><p>\u00a0<\/p><p style=\"text-align: center;\">Szczeg\u00f3\u0142owe informacje w Punkcie Rejestracji lub pod numerami telefon\u00f3w: 76 8319 409, 505957511<\/p>\t\t\t\t\t\t\t\t<\/div>\n\t\t\t\t<\/div>\n\t\t\t\t\t<\/div>\n\t\t<\/div>\n\t\t\t\t\t<\/div>\n\t\t<\/section>\n\t\t\t\t\t<\/div>\n\t\t<\/div>\n\t\t\t\t\t<\/div>\n\t\t<\/section>\n\t\t\t\t<\/div>\n\t\t","protected":false},"excerpt":{"rendered":"<p>piel. Anna \u017buk COR-MED M&amp;S Diallo Sp\u00f3\u0142ka Jawna piel. Irena Tomasz COR-MED M&amp;S Diallo Sp\u00f3\u0142ka Jawna piel. Dorota Sawicka COR-MED M&amp;S Diallo Sp\u00f3\u0142ka Jawna Gabinet zabiegowy COR-MED czynny jest od poniedzia\u0142ku do pi\u0105tku, z wy\u0142\u0105czeniem dni ustawowo wolnych od pracy, od godziny 8:00 do 18:00. W Gabinecie zabiegowym COR-MED wykonywane s\u0105 nast\u0119puj\u0105ce zabiegi: iniekcje (domi\u0119\u015bniowe, podsk\u00f3rne, \u015br\u00f3dsk\u00f3rne, do\u017cylne) EKG (Elektrokardiograf) badanie spirometryczne ok\u0142ady p\u0142ukanie uszu pomiary antropometryczne (wzrost, waga) pomiar cukru pomiar ci\u015bnienia \u2013 RR usuwanie szw\u00f3w zak\u0142adanie\/wymiana cewnika do p\u0119cherza moczowego zmiana opatrunk\u00f3w zabiegi inne (t\u0119tno, saturacja, temperatura cia\u0142a, podanie tlenu, podanie leku doustnego) \u00a0 Szczeg\u00f3\u0142owe informacje w Punkcie Rejestracji lub pod numerami telefon\u00f3w: 76 8319 409, 505957511<\/p>\n","protected":false},"author":1,"featured_media":0,"parent":0,"menu_order":0,"comment_status":"closed","ping_status":"closed","template":"","meta":{"footnotes":""},"class_list":["post-3174","page","type-page","status-publish","hentry"],"_links":{"self":[{"href":"https:\/\/cormedprzemkow.pl\/index.php?rest_route=\/wp\/v2\/pages\/3174","targetHints":{"allow":["GET"]}}],"collection":[{"href":"https:\/\/cormedprzemkow.pl\/index.php?rest_route=\/wp\/v2\/pages"}],"about":[{"href":"https:\/\/cormedprzemkow.pl\/index.php?rest_route=\/wp\/v2\/types\/page"}],"author":[{"embeddable":true,"href":"https:\/\/cormedprzemkow.pl\/index.php?rest_route=\/wp\/v2\/users\/1"}],"replies":[{"embeddable":true,"href":"https:\/\/cormedprzemkow.pl\/index.php?rest_route=%2Fwp%2Fv2%2Fcomments&post=3174"}],"version-history":[{"count":7,"href":"https:\/\/cormedprzemkow.pl\/index.php?rest_route=\/wp\/v2\/pages\/3174\/revisions"}],"predecessor-version":[{"id":3438,"href":"https:\/\/cormedprzemkow.pl\/index.php?rest_route=\/wp\/v2\/pages\/3174\/revisions\/3438"}],"wp:attachment":[{"href":"https:\/\/cormedprzemkow.pl\/index.php?rest_route=%2Fwp%2Fv2%2Fmedia&parent=3174"}],"curies":[{"name":"wp","href":"https:\/\/api.w.org\/{rel}","templated":true}]}}