{"id":3473,"date":"2022-12-30T11:40:51","date_gmt":"2022-12-30T11:40:51","guid":{"rendered":"http:\/\/cormedprzemkow.pl\/?page_id=3473"},"modified":"2022-12-30T11:44:00","modified_gmt":"2022-12-30T11:44:00","slug":"pracownia-usg-cor-med","status":"publish","type":"page","link":"https:\/\/cormedprzemkow.pl\/?page_id=3473","title":{"rendered":"Pracownia USG COR-MED"},"content":{"rendered":"\t\t<div data-elementor-type=\"wp-page\" data-elementor-id=\"3473\" class=\"elementor elementor-3473\" data-elementor-settings=\"{&quot;ha_cmc_init_switcher&quot;:&quot;no&quot;}\">\n\t\t\t\t\t\t<section class=\"elementor-section elementor-top-section elementor-element elementor-element-770fab8 elementor-section-boxed elementor-section-height-default elementor-section-height-default wpr-particle-no wpr-jarallax-no wpr-parallax-no wpr-sticky-section-no\" data-id=\"770fab8\" data-element_type=\"section\" data-settings=\"{&quot;_ha_eqh_enable&quot;:false}\">\n\t\t\t\t\t\t<div class=\"elementor-container elementor-column-gap-default\">\n\t\t\t\t\t<div class=\"elementor-column elementor-col-100 elementor-top-column elementor-element elementor-element-60cfea3\" data-id=\"60cfea3\" data-element_type=\"column\">\n\t\t\t<div class=\"elementor-widget-wrap elementor-element-populated\">\n\t\t\t\t\t\t<section class=\"elementor-section elementor-inner-section elementor-element elementor-element-644f56c elementor-section-boxed elementor-section-height-default elementor-section-height-default wpr-particle-no wpr-jarallax-no wpr-parallax-no wpr-sticky-section-no\" data-id=\"644f56c\" data-element_type=\"section\" data-settings=\"{&quot;_ha_eqh_enable&quot;:false}\">\n\t\t\t\t\t\t<div class=\"elementor-container elementor-column-gap-default\">\n\t\t\t\t\t<div class=\"elementor-column elementor-col-100 elementor-inner-column elementor-element elementor-element-e4406de\" data-id=\"e4406de\" data-element_type=\"column\">\n\t\t\t<div class=\"elementor-widget-wrap elementor-element-populated\">\n\t\t\t\t\t\t<div class=\"elementor-element elementor-element-3e2d078 elementor-widget elementor-widget-text-editor\" data-id=\"3e2d078\" data-element_type=\"widget\" data-widget_type=\"text-editor.default\">\n\t\t\t\t<div class=\"elementor-widget-container\">\n\t\t\t\t\t\t\t\t\t<p>Badania w pracowni USG COR-MED wykonuje lek. med. spec. Sidy Mohamed Diallo \u2013 specjalista chor\u00f3b wewn\u0119trznych.<\/p><p>Wykonujemy bezp\u0142atne badania ultrasonograficzne w ramach zlece\u0144 lekarzy POZ pracuj\u0105cych w COR-MED:<\/p><ul><li>USG tarczycy i przytarczyc,<\/li><li>USG \u015blinianek,<\/li><li>USG nerek, moczowod\u00f3w, p\u0119cherza moczowego,<\/li><li>USG brzucha i przestrzeni zaotrzewnowej, w tym wst\u0119pnej oceny gruczo\u0142u krokowego,<\/li><li>USG obwodowych w\u0119z\u0142\u00f3w ch\u0142onnych.<\/li><\/ul><p>\u00a0<\/p><p>Wykonujemy tak\u017ce badania zlecane przez innych lekarzy specjalist\u00f3w pracuj\u0105cych w naszej plac\u00f3wce.<\/p>\t\t\t\t\t\t\t\t<\/div>\n\t\t\t\t<\/div>\n\t\t\t\t\t<\/div>\n\t\t<\/div>\n\t\t\t\t\t<\/div>\n\t\t<\/section>\n\t\t\t\t<section class=\"elementor-section elementor-inner-section elementor-element elementor-element-87836e7 elementor-section-boxed elementor-section-height-default elementor-section-height-default wpr-particle-no wpr-jarallax-no wpr-parallax-no wpr-sticky-section-no\" data-id=\"87836e7\" data-element_type=\"section\" data-settings=\"{&quot;_ha_eqh_enable&quot;:false}\">\n\t\t\t\t\t\t<div class=\"elementor-container elementor-column-gap-default\">\n\t\t\t\t\t<div class=\"elementor-column elementor-col-50 elementor-inner-column elementor-element elementor-element-a7796b3\" data-id=\"a7796b3\" data-element_type=\"column\">\n\t\t\t<div class=\"elementor-widget-wrap elementor-element-populated\">\n\t\t\t\t\t\t<div class=\"elementor-element elementor-element-cdb8f17 elementor-widget elementor-widget-ha-image-hover-effect happy-addon ha-image-hover-effect\" data-id=\"cdb8f17\" data-element_type=\"widget\" data-widget_type=\"ha-image-hover-effect.default\">\n\t\t\t\t<div class=\"elementor-widget-container\">\n\t\t\t\t\t\t\t<div class=\"ha-ihe-wrapper grid\">\n\t\t\t<figure class=\"ha-ihe-fig ha-effect-apollo\">\n\t\t\t\t<img decoding=\"async\" class=\"ha-ihe-img\" src=\"http:\/\/cormedprzemkow.pl\/wp-content\/uploads\/2022\/12\/Pracownia-USG1-1-scaled.jpg\" alt=\"Image hover effect image\" \/>\n\t\t\t\t<figcaption class=\"ha-ihe-caption\">\n\t\t\t\t\t\t\t\t\t\t\t<h2 class=\"ha-ihe-title\">Pracownia<span> USG<\/span><\/h2>\t\t\t\t\t\t\t\t\t\t\t\t\t<p class=\"ha-ihe-desc\">Badania<BR>\nUSG<\/p>\n\t\t\t\t\t\t\t\t\t\t\t\t\t\t\t\t\t\t\t\t\t<\/figcaption>\n\t\t\t<\/figure>\n\t\t<\/div>\n\t\t\t\t<\/div>\n\t\t\t\t<\/div>\n\t\t\t\t\t<\/div>\n\t\t<\/div>\n\t\t\t\t<div class=\"elementor-column elementor-col-50 elementor-inner-column elementor-element elementor-element-47b04ee\" data-id=\"47b04ee\" data-element_type=\"column\">\n\t\t\t<div class=\"elementor-widget-wrap elementor-element-populated\">\n\t\t\t\t\t\t<div class=\"elementor-element elementor-element-08ae12f elementor-widget elementor-widget-ha-image-hover-effect happy-addon ha-image-hover-effect\" data-id=\"08ae12f\" data-element_type=\"widget\" data-widget_type=\"ha-image-hover-effect.default\">\n\t\t\t\t<div class=\"elementor-widget-container\">\n\t\t\t\t\t\t\t<div class=\"ha-ihe-wrapper grid\">\n\t\t\t<figure class=\"ha-ihe-fig ha-effect-apollo\">\n\t\t\t\t<img decoding=\"async\" class=\"ha-ihe-img\" src=\"http:\/\/cormedprzemkow.pl\/wp-content\/uploads\/2022\/12\/Pracownia-USG2-1-scaled.jpg\" alt=\"Image hover effect image\" \/>\n\t\t\t\t<figcaption class=\"ha-ihe-caption\">\n\t\t\t\t\t\t\t\t\t\t\t<h2 class=\"ha-ihe-title\">Pracownia <span>USG<\/span><\/h2>\t\t\t\t\t\t\t\t\t\t\t\t\t<p class=\"ha-ihe-desc\">Badania <BR>USG<\/p>\n\t\t\t\t\t\t\t\t\t\t\t\t\t\t\t\t\t\t\t\t\t<\/figcaption>\n\t\t\t<\/figure>\n\t\t<\/div>\n\t\t\t\t<\/div>\n\t\t\t\t<\/div>\n\t\t\t\t\t<\/div>\n\t\t<\/div>\n\t\t\t\t\t<\/div>\n\t\t<\/section>\n\t\t\t\t\t<\/div>\n\t\t<\/div>\n\t\t\t\t\t<\/div>\n\t\t<\/section>\n\t\t\t\t<\/div>\n\t\t","protected":false},"excerpt":{"rendered":"<p>Badania w pracowni USG COR-MED wykonuje lek. med. spec. Sidy Mohamed Diallo \u2013 specjalista chor\u00f3b wewn\u0119trznych. Wykonujemy bezp\u0142atne badania ultrasonograficzne w ramach zlece\u0144 lekarzy POZ pracuj\u0105cych w COR-MED: USG tarczycy i przytarczyc, USG \u015blinianek, USG nerek, moczowod\u00f3w, p\u0119cherza moczowego, USG brzucha i przestrzeni zaotrzewnowej, w tym wst\u0119pnej oceny gruczo\u0142u krokowego, USG obwodowych w\u0119z\u0142\u00f3w ch\u0142onnych. \u00a0 Wykonujemy tak\u017ce badania zlecane przez innych lekarzy specjalist\u00f3w pracuj\u0105cych w naszej plac\u00f3wce. Pracownia USG Badania USG Pracownia USG Badania USG<\/p>\n","protected":false},"author":1,"featured_media":0,"parent":0,"menu_order":0,"comment_status":"closed","ping_status":"closed","template":"","meta":{"footnotes":""},"class_list":["post-3473","page","type-page","status-publish","hentry"],"_links":{"self":[{"href":"https:\/\/cormedprzemkow.pl\/index.php?rest_route=\/wp\/v2\/pages\/3473","targetHints":{"allow":["GET"]}}],"collection":[{"href":"https:\/\/cormedprzemkow.pl\/index.php?rest_route=\/wp\/v2\/pages"}],"about":[{"href":"https:\/\/cormedprzemkow.pl\/index.php?rest_route=\/wp\/v2\/types\/page"}],"author":[{"embeddable":true,"href":"https:\/\/cormedprzemkow.pl\/index.php?rest_route=\/wp\/v2\/users\/1"}],"replies":[{"embeddable":true,"href":"https:\/\/cormedprzemkow.pl\/index.php?rest_route=%2Fwp%2Fv2%2Fcomments&post=3473"}],"version-history":[{"count":4,"href":"https:\/\/cormedprzemkow.pl\/index.php?rest_route=\/wp\/v2\/pages\/3473\/revisions"}],"predecessor-version":[{"id":3479,"href":"https:\/\/cormedprzemkow.pl\/index.php?rest_route=\/wp\/v2\/pages\/3473\/revisions\/3479"}],"wp:attachment":[{"href":"https:\/\/cormedprzemkow.pl\/index.php?rest_route=%2Fwp%2Fv2%2Fmedia&parent=3473"}],"curies":[{"name":"wp","href":"https:\/\/api.w.org\/{rel}","templated":true}]}}